{"id":3075,"date":"2025-03-11T16:05:16","date_gmt":"2025-03-11T16:05:16","guid":{"rendered":"https:\/\/bpsports.com.br\/?page_id=3075"},"modified":"2025-03-11T18:03:57","modified_gmt":"2025-03-11T18:03:57","slug":"saco-de-pancada-34cm-base-x-120cm-altura","status":"publish","type":"page","link":"https:\/\/bpsports.com.br\/?page_id=3075","title":{"rendered":"Saco de Pancada &#8211; 34cm (Base) x 120cm (altura)"},"content":{"rendered":"\t\t<div data-elementor-type=\"wp-page\" data-elementor-id=\"3075\" class=\"elementor elementor-3075\">\n\t\t\t\t<div class=\"elementor-element elementor-element-2053d39 e-flex e-con-boxed wpr-particle-no wpr-jarallax-no wpr-parallax-no wpr-sticky-section-no e-con e-parent\" data-id=\"2053d39\" data-element_type=\"container\" data-settings=\"{&quot;background_background&quot;:&quot;classic&quot;}\">\n\t\t\t\t\t<div class=\"e-con-inner\">\n\t\t\t\t<div class=\"elementor-element elementor-element-0540282 elementor-widget elementor-widget-heading\" data-id=\"0540282\" data-element_type=\"widget\" data-widget_type=\"heading.default\">\n\t\t\t\t<div class=\"elementor-widget-container\">\n\t\t\t\t\t<h2 class=\"elementor-heading-title elementor-size-default\">Saco de Pancada<\/h2>\t\t\t\t<\/div>\n\t\t\t\t<\/div>\n\t\t\t\t\t<\/div>\n\t\t\t\t<\/div>\n\t\t<div class=\"elementor-element elementor-element-363b163 e-flex e-con-boxed wpr-particle-no wpr-jarallax-no wpr-parallax-no wpr-sticky-section-no e-con e-parent\" data-id=\"363b163\" data-element_type=\"container\">\n\t\t\t\t\t<div class=\"e-con-inner\">\n\t\t<div class=\"elementor-element elementor-element-5a65625 e-con-full e-flex wpr-particle-no wpr-jarallax-no wpr-parallax-no wpr-sticky-section-no e-con e-child\" data-id=\"5a65625\" data-element_type=\"container\">\n\t\t\t\t<div class=\"elementor-element elementor-element-9300519 elementor-widget__width-initial elementor-arrows-position-inside elementor-pagination-position-outside elementor-widget elementor-widget-image-carousel\" data-id=\"9300519\" data-element_type=\"widget\" data-settings=\"{&quot;slides_to_show&quot;:&quot;1&quot;,&quot;navigation&quot;:&quot;both&quot;,&quot;autoplay&quot;:&quot;yes&quot;,&quot;pause_on_hover&quot;:&quot;yes&quot;,&quot;pause_on_interaction&quot;:&quot;yes&quot;,&quot;autoplay_speed&quot;:5000,&quot;infinite&quot;:&quot;yes&quot;,&quot;effect&quot;:&quot;slide&quot;,&quot;speed&quot;:500}\" data-widget_type=\"image-carousel.default\">\n\t\t\t\t<div class=\"elementor-widget-container\">\n\t\t\t\t\t\t\t<div class=\"elementor-image-carousel-wrapper swiper\" role=\"region\" aria-roledescription=\"carousel\" aria-label=\"Carrossel de imagens\" dir=\"ltr\">\n\t\t\t<div class=\"elementor-image-carousel swiper-wrapper\" aria-live=\"off\">\n\t\t\t\t\t\t\t\t<div class=\"swiper-slide\" role=\"group\" aria-roledescription=\"slide\" aria-label=\"1 de 2\"><figure class=\"swiper-slide-inner\"><img decoding=\"async\" class=\"swiper-slide-image\" src=\"https:\/\/bpsports.com.br\/wp-content\/uploads\/2025\/02\/Captura-de-tela-2025-02-25-110038.png\" alt=\"Captura de tela 2025-02-25 110038\" \/><\/figure><\/div><div class=\"swiper-slide\" role=\"group\" aria-roledescription=\"slide\" aria-label=\"2 de 2\"><figure class=\"swiper-slide-inner\"><img decoding=\"async\" class=\"swiper-slide-image\" src=\"https:\/\/bpsports.com.br\/wp-content\/uploads\/2025\/02\/Captura-de-tela-2025-02-25-110304.png\" alt=\"Captura de tela 2025-02-25 110304\" \/><\/figure><\/div>\t\t\t<\/div>\n\t\t\t\t\t\t\t\t\t\t\t\t<div class=\"elementor-swiper-button elementor-swiper-button-prev\" role=\"button\" tabindex=\"0\">\n\t\t\t\t\t\t<svg aria-hidden=\"true\" class=\"e-font-icon-svg e-eicon-chevron-left\" viewBox=\"0 0 1000 1000\" xmlns=\"http:\/\/www.w3.org\/2000\/svg\"><path d=\"M646 125C629 125 613 133 604 142L308 442C296 454 292 471 292 487 292 504 296 521 308 533L604 854C617 867 629 875 646 875 663 875 679 871 692 858 704 846 713 829 713 812 713 796 708 779 692 767L438 487 692 225C700 217 708 204 708 187 708 171 704 154 692 142 675 129 663 125 646 125Z\"><\/path><\/svg>\t\t\t\t\t<\/div>\n\t\t\t\t\t<div class=\"elementor-swiper-button elementor-swiper-button-next\" role=\"button\" tabindex=\"0\">\n\t\t\t\t\t\t<svg aria-hidden=\"true\" class=\"e-font-icon-svg e-eicon-chevron-right\" viewBox=\"0 0 1000 1000\" xmlns=\"http:\/\/www.w3.org\/2000\/svg\"><path d=\"M696 533C708 521 713 504 713 487 713 471 708 454 696 446L400 146C388 133 375 125 354 125 338 125 325 129 313 142 300 154 292 171 292 187 292 204 296 221 308 233L563 492 304 771C292 783 288 800 288 817 288 833 296 850 308 863 321 871 338 875 354 875 371 875 388 867 400 854L696 533Z\"><\/path><\/svg>\t\t\t\t\t<\/div>\n\t\t\t\t\n\t\t\t\t\t\t\t\t\t<div class=\"swiper-pagination\"><\/div>\n\t\t\t\t\t\t\t\t\t<\/div>\n\t\t\t\t\t\t<\/div>\n\t\t\t\t<\/div>\n\t\t\t\t<\/div>\n\t\t<div class=\"elementor-element elementor-element-6156bd8 e-con-full e-flex wpr-particle-no wpr-jarallax-no wpr-parallax-no wpr-sticky-section-no e-con e-child\" data-id=\"6156bd8\" data-element_type=\"container\">\n\t\t\t\t<div class=\"elementor-element elementor-element-debb56a elementor-widget elementor-widget-heading\" data-id=\"debb56a\" data-element_type=\"widget\" data-widget_type=\"heading.default\">\n\t\t\t\t<div class=\"elementor-widget-container\">\n\t\t\t\t\t<h2 class=\"elementor-heading-title elementor-size-default\">SACO DE PANCADA - 34CM (BASE) X 120CM (ALTURA)<\/h2>\t\t\t\t<\/div>\n\t\t\t\t<\/div>\n\t\t\t\t<div class=\"elementor-element elementor-element-885c75e elementor-widget elementor-widget-heading\" data-id=\"885c75e\" data-element_type=\"widget\" data-widget_type=\"heading.default\">\n\t\t\t\t<div class=\"elementor-widget-container\">\n\t\t\t\t\t<h2 class=\"elementor-heading-title elementor-size-default\">O saco de pancada de geomembrana, com 34cm de base e 120cm de altura, \u00e9 a op\u00e7\u00e3o ideal para quem busca resist\u00eancia, durabilidade e alta performance nos treinos de combate. Confeccionado com material de geomembrana de alta qualidade, ele oferece uma excelente resist\u00eancia a impactos, abras\u00e3o e condi\u00e7\u00f5es clim\u00e1ticas adversas. J\u00e1 com enchimento, o saco est\u00e1 pronto para ser utilizado, proporcionando a firmeza necess\u00e1ria para melhorar sua t\u00e9cnica e resist\u00eancia nos treinos. Ideal para:<\/h2>\t\t\t\t<\/div>\n\t\t\t\t<\/div>\n\t\t\t\t<div class=\"elementor-element elementor-element-9c84003 elementor-widget elementor-widget-heading\" data-id=\"9c84003\" data-element_type=\"widget\" data-widget_type=\"heading.default\">\n\t\t\t\t<div class=\"elementor-widget-container\">\n\t\t\t\t\t<h2 class=\"elementor-heading-title elementor-size-default\">1. Treinamento de Golpes Longos e Potentes: Com 120cm de altura, o saco \u00e9 ideal para treinar chutes altos, joelhadas e golpes ao corpo, proporcionando uma \u00e1rea de impacto mais ampla para trabalhar com maior intensidade.<\/h2>\t\t\t\t<\/div>\n\t\t\t\t<\/div>\n\t\t\t\t<div class=\"elementor-element elementor-element-20e5d41 elementor-widget elementor-widget-heading\" data-id=\"20e5d41\" data-element_type=\"widget\" data-widget_type=\"heading.default\">\n\t\t\t\t<div class=\"elementor-widget-container\">\n\t\t\t\t\t<h2 class=\"elementor-heading-title elementor-size-default\">2. Treinos de For\u00e7a e Resist\u00eancia: Sua altura permite realizar treinos que exigem maior resist\u00eancia f\u00edsica e aprimoramento da for\u00e7a, com uma \u00e1rea de impacto maior que desafia os praticantes a manter a intensidade do treino por mais tempo.<\/h2>\t\t\t\t<\/div>\n\t\t\t\t<\/div>\n\t\t\t\t<div class=\"elementor-element elementor-element-92833ac elementor-widget elementor-widget-heading\" data-id=\"92833ac\" data-element_type=\"widget\" data-widget_type=\"heading.default\">\n\t\t\t\t<div class=\"elementor-widget-container\">\n\t\t\t\t\t<h2 class=\"elementor-heading-title elementor-size-default\">3. Treinamentos de T\u00e9cnicas Diversas: Perfeito para treinar tanto movimentos baixos (chutes e socos direcionados ao corpo) quanto movimentos altos, como socos e chutes mais altos. Isso o torna uma excelente escolha para quem pratica modalidades como boxe, muay thai, kickboxing e MMA.<\/h2>\t\t\t\t<\/div>\n\t\t\t\t<\/div>\n\t\t\t\t<div class=\"elementor-element elementor-element-ad4b202 elementor-widget elementor-widget-heading\" data-id=\"ad4b202\" data-element_type=\"widget\" data-widget_type=\"heading.default\">\n\t\t\t\t<div class=\"elementor-widget-container\">\n\t\t\t\t\t<h2 class=\"elementor-heading-title elementor-size-default\">4. Treinamentos para Praticantes de N\u00edvel Intermedi\u00e1rio e Avan\u00e7ado: Devido ao seu tamanho, este saco \u00e9 adequado para praticantes de n\u00edveis intermedi\u00e1rios a avan\u00e7ados, que j\u00e1 buscam aprimorar sua t\u00e9cnica e resist\u00eancia com um treino mais exigente.<\/h2>\t\t\t\t<\/div>\n\t\t\t\t<\/div>\n\t\t\t\t<div class=\"elementor-element elementor-element-f7a8757 elementor-widget elementor-widget-heading\" data-id=\"f7a8757\" data-element_type=\"widget\" data-widget_type=\"heading.default\">\n\t\t\t\t<div class=\"elementor-widget-container\">\n\t\t\t\t\t<h2 class=\"elementor-heading-title elementor-size-default\">5. Treinos em Espa\u00e7os Menores: Apesar de seu tamanho, ele \u00e9 compacto o suficiente para ser utilizado em academias menores, home gyms ou \u00e1reas ao ar livre, proporcionando a flexibilidade de uso em diversos ambientes.<\/h2>\t\t\t\t<\/div>\n\t\t\t\t<\/div>\n\t\t\t\t<div class=\"elementor-element elementor-element-92b1ab3 elementor-widget elementor-widget-heading\" data-id=\"92b1ab3\" data-element_type=\"widget\" data-widget_type=\"heading.default\">\n\t\t\t\t<div class=\"elementor-widget-container\">\n\t\t\t\t\t<h2 class=\"elementor-heading-title elementor-size-default\">Combinando resist\u00eancia, durabilidade e versatilidade, o saco de pancada de geomembrana de 120 cm \u00e9 uma excelente escolha para quem busca treinos intensivos, eficazes e de alto desempenho, seja para iniciantes ou atletas mais experientes.<\/h2>\t\t\t\t<\/div>\n\t\t\t\t<\/div>\n\t\t\t\t<\/div>\n\t\t\t\t\t<\/div>\n\t\t\t\t<\/div>\n\t\t<div class=\"elementor-element elementor-element-b37899d e-flex e-con-boxed wpr-particle-no wpr-jarallax-no wpr-parallax-no wpr-sticky-section-no e-con e-parent\" data-id=\"b37899d\" data-element_type=\"container\">\n\t\t\t\t\t<div class=\"e-con-inner\">\n\t\t\t\t<div class=\"elementor-element elementor-element-9e2e6b4 elementor-widget elementor-widget-button\" data-id=\"9e2e6b4\" data-element_type=\"widget\" data-widget_type=\"button.default\">\n\t\t\t\t<div class=\"elementor-widget-container\">\n\t\t\t\t\t\t\t\t\t<div class=\"elementor-button-wrapper\">\n\t\t\t\t\t<a class=\"elementor-button elementor-button-link elementor-size-sm\" href=\"https:\/\/wa.me\/message\/MENFN54UVVLLD1\" target=\"_blank\" rel=\"noopener\">\n\t\t\t\t\t\t<span class=\"elementor-button-content-wrapper\">\n\t\t\t\t\t\t<span class=\"elementor-button-icon\">\n\t\t\t\t<svg aria-hidden=\"true\" class=\"e-font-icon-svg e-fab-whatsapp\" viewBox=\"0 0 448 512\" xmlns=\"http:\/\/www.w3.org\/2000\/svg\"><path d=\"M380.9 97.1C339 55.1 283.2 32 223.9 32c-122.4 0-222 99.6-222 222 0 39.1 10.2 77.3 29.6 111L0 480l117.7-30.9c32.4 17.7 68.9 27 106.1 27h.1c122.3 0 224.1-99.6 224.1-222 0-59.3-25.2-115-67.1-157zm-157 341.6c-33.2 0-65.7-8.9-94-25.7l-6.7-4-69.8 18.3L72 359.2l-4.4-7c-18.5-29.4-28.2-63.3-28.2-98.2 0-101.7 82.8-184.5 184.6-184.5 49.3 0 95.6 19.2 130.4 54.1 34.8 34.9 56.2 81.2 56.1 130.5 0 101.8-84.9 184.6-186.6 184.6zm101.2-138.2c-5.5-2.8-32.8-16.2-37.9-18-5.1-1.9-8.8-2.8-12.5 2.8-3.7 5.6-14.3 18-17.6 21.8-3.2 3.7-6.5 4.2-12 1.4-32.6-16.3-54-29.1-75.5-66-5.7-9.8 5.7-9.1 16.3-30.3 1.8-3.7.9-6.9-.5-9.7-1.4-2.8-12.5-30.1-17.1-41.2-4.5-10.8-9.1-9.3-12.5-9.5-3.2-.2-6.9-.2-10.6-.2-3.7 0-9.7 1.4-14.8 6.9-5.1 5.6-19.4 19-19.4 46.3 0 27.3 19.9 53.7 22.6 57.4 2.8 3.7 39.1 59.7 94.8 83.8 35.2 15.2 49 16.5 66.6 13.9 10.7-1.6 32.8-13.4 37.4-26.4 4.6-13 4.6-24.1 3.2-26.4-1.3-2.5-5-3.9-10.5-6.6z\"><\/path><\/svg>\t\t\t<\/span>\n\t\t\t\t\t\t\t\t\t<span class=\"elementor-button-text\">Entre em Contato<\/span>\n\t\t\t\t\t<\/span>\n\t\t\t\t\t<\/a>\n\t\t\t\t<\/div>\n\t\t\t\t\t\t\t\t<\/div>\n\t\t\t\t<\/div>\n\t\t\t\t\t<\/div>\n\t\t\t\t<\/div>\n\t\t\t\t<\/div>\n\t\t","protected":false},"excerpt":{"rendered":"<p>Saco de Pancada SACO DE PANCADA &#8211; 34CM (BASE) X 120CM (ALTURA) O saco de pancada de geomembrana, com 34cm de base e 120cm de altura, \u00e9 a op\u00e7\u00e3o ideal para quem busca resist\u00eancia, durabilidade e alta performance nos treinos de combate. Confeccionado com material de geomembrana de alta qualidade, ele oferece uma excelente resist\u00eancia a impactos, abras\u00e3o e condi\u00e7\u00f5es clim\u00e1ticas adversas. J\u00e1 com enchimento, o saco est\u00e1 pronto para ser utilizado, proporcionando a firmeza necess\u00e1ria para melhorar sua t\u00e9cnica e resist\u00eancia nos treinos. Ideal para: 1. Treinamento de Golpes Longos e Potentes: Com 120cm de altura, o saco \u00e9 ideal para treinar chutes altos, joelhadas e golpes ao corpo, proporcionando uma \u00e1rea de impacto mais ampla para trabalhar com maior intensidade. 2. Treinos de For\u00e7a e Resist\u00eancia: Sua altura permite realizar treinos que exigem maior resist\u00eancia f\u00edsica e aprimoramento da for\u00e7a, com uma \u00e1rea de impacto maior que desafia os praticantes a manter a intensidade do treino por mais tempo. 3. Treinamentos de T\u00e9cnicas Diversas: Perfeito para treinar tanto movimentos baixos (chutes e socos direcionados ao corpo) quanto movimentos altos, como socos e chutes mais altos. Isso o torna uma excelente escolha para quem pratica modalidades como boxe, muay thai, kickboxing e MMA. 4. Treinamentos para Praticantes de N\u00edvel Intermedi\u00e1rio e Avan\u00e7ado: Devido ao seu tamanho, este saco \u00e9 adequado para praticantes de n\u00edveis intermedi\u00e1rios a avan\u00e7ados, que j\u00e1 buscam aprimorar sua t\u00e9cnica e resist\u00eancia com um treino mais exigente. 5. Treinos em Espa\u00e7os Menores: Apesar de seu tamanho, ele \u00e9 compacto o suficiente para ser utilizado em academias menores, home gyms ou \u00e1reas ao ar livre, proporcionando a flexibilidade de uso em diversos ambientes. Combinando resist\u00eancia, durabilidade e versatilidade, o saco de pancada de geomembrana de 120 cm \u00e9 uma excelente escolha para quem busca treinos intensivos, eficazes e de alto desempenho, seja para iniciantes ou atletas mais experientes. Entre em Contato<\/p>\n","protected":false},"author":1,"featured_media":0,"parent":0,"menu_order":0,"comment_status":"closed","ping_status":"closed","template":"","meta":{"footnotes":""},"class_list":["post-3075","page","type-page","status-publish","hentry"],"_links":{"self":[{"href":"https:\/\/bpsports.com.br\/index.php?rest_route=\/wp\/v2\/pages\/3075","targetHints":{"allow":["GET"]}}],"collection":[{"href":"https:\/\/bpsports.com.br\/index.php?rest_route=\/wp\/v2\/pages"}],"about":[{"href":"https:\/\/bpsports.com.br\/index.php?rest_route=\/wp\/v2\/types\/page"}],"author":[{"embeddable":true,"href":"https:\/\/bpsports.com.br\/index.php?rest_route=\/wp\/v2\/users\/1"}],"replies":[{"embeddable":true,"href":"https:\/\/bpsports.com.br\/index.php?rest_route=%2Fwp%2Fv2%2Fcomments&post=3075"}],"version-history":[{"count":19,"href":"https:\/\/bpsports.com.br\/index.php?rest_route=\/wp\/v2\/pages\/3075\/revisions"}],"predecessor-version":[{"id":3235,"href":"https:\/\/bpsports.com.br\/index.php?rest_route=\/wp\/v2\/pages\/3075\/revisions\/3235"}],"wp:attachment":[{"href":"https:\/\/bpsports.com.br\/index.php?rest_route=%2Fwp%2Fv2%2Fmedia&parent=3075"}],"curies":[{"name":"wp","href":"https:\/\/api.w.org\/{rel}","templated":true}]}}