{"id":2884,"date":"2025-03-11T11:19:31","date_gmt":"2025-03-11T11:19:31","guid":{"rendered":"https:\/\/bpsports.com.br\/?page_id=2884"},"modified":"2025-03-11T17:59:16","modified_gmt":"2025-03-11T17:59:16","slug":"impermeabilizacao-de-tatames","status":"publish","type":"page","link":"https:\/\/bpsports.com.br\/?page_id=2884","title":{"rendered":"Impermeabiliza\u00e7\u00e3o de Tatames"},"content":{"rendered":"\t\t<div data-elementor-type=\"wp-page\" data-elementor-id=\"2884\" class=\"elementor elementor-2884\">\n\t\t\t\t<div class=\"elementor-element elementor-element-bfb6a4a e-flex e-con-boxed wpr-particle-no wpr-jarallax-no wpr-parallax-no wpr-sticky-section-no e-con e-parent\" data-id=\"bfb6a4a\" data-element_type=\"container\" data-settings=\"{&quot;background_background&quot;:&quot;classic&quot;}\">\n\t\t\t\t\t<div class=\"e-con-inner\">\n\t\t\t\t<div class=\"elementor-element elementor-element-0c7f329 elementor-widget elementor-widget-heading\" data-id=\"0c7f329\" data-element_type=\"widget\" data-widget_type=\"heading.default\">\n\t\t\t\t<div class=\"elementor-widget-container\">\n\t\t\t\t\t<h2 class=\"elementor-heading-title elementor-size-default\">Impermeabiliza\u00e7\u00e3o de Tatame<\/h2>\t\t\t\t<\/div>\n\t\t\t\t<\/div>\n\t\t\t\t\t<\/div>\n\t\t\t\t<\/div>\n\t\t<div class=\"elementor-element elementor-element-6b115eb e-flex e-con-boxed wpr-particle-no wpr-jarallax-no wpr-parallax-no wpr-sticky-section-no e-con e-parent\" data-id=\"6b115eb\" data-element_type=\"container\" data-settings=\"{&quot;background_background&quot;:&quot;classic&quot;}\">\n\t\t\t\t\t<div class=\"e-con-inner\">\n\t\t<div class=\"elementor-element elementor-element-ad6445d e-con-full e-flex wpr-particle-no wpr-jarallax-no wpr-parallax-no wpr-sticky-section-no e-con e-child\" data-id=\"ad6445d\" data-element_type=\"container\">\n\t\t\t\t<div class=\"elementor-element elementor-element-8dd571a elementor-widget__width-initial elementor-arrows-position-inside elementor-pagination-position-outside elementor-widget elementor-widget-image-carousel\" data-id=\"8dd571a\" data-element_type=\"widget\" data-settings=\"{&quot;slides_to_show&quot;:&quot;1&quot;,&quot;navigation&quot;:&quot;both&quot;,&quot;autoplay&quot;:&quot;yes&quot;,&quot;pause_on_hover&quot;:&quot;yes&quot;,&quot;pause_on_interaction&quot;:&quot;yes&quot;,&quot;autoplay_speed&quot;:5000,&quot;infinite&quot;:&quot;yes&quot;,&quot;effect&quot;:&quot;slide&quot;,&quot;speed&quot;:500}\" data-widget_type=\"image-carousel.default\">\n\t\t\t\t<div class=\"elementor-widget-container\">\n\t\t\t\t\t\t\t<div class=\"elementor-image-carousel-wrapper swiper\" role=\"region\" aria-roledescription=\"carousel\" aria-label=\"Carrossel de imagens\" dir=\"ltr\">\n\t\t\t<div class=\"elementor-image-carousel swiper-wrapper\" aria-live=\"off\">\n\t\t\t\t\t\t\t\t<div class=\"swiper-slide\" role=\"group\" aria-roledescription=\"slide\" aria-label=\"1 de 4\"><figure class=\"swiper-slide-inner\"><img decoding=\"async\" class=\"swiper-slide-image\" src=\"https:\/\/bpsports.com.br\/wp-content\/uploads\/2025\/03\/4.jpg\" alt=\"4\" \/><\/figure><\/div><div class=\"swiper-slide\" role=\"group\" aria-roledescription=\"slide\" aria-label=\"2 de 4\"><figure class=\"swiper-slide-inner\"><img decoding=\"async\" class=\"swiper-slide-image\" src=\"https:\/\/bpsports.com.br\/wp-content\/uploads\/2025\/03\/3.jpg\" alt=\"3\" \/><\/figure><\/div><div class=\"swiper-slide\" role=\"group\" aria-roledescription=\"slide\" aria-label=\"3 de 4\"><figure class=\"swiper-slide-inner\"><img decoding=\"async\" class=\"swiper-slide-image\" src=\"https:\/\/bpsports.com.br\/wp-content\/uploads\/2025\/03\/2.jpg\" alt=\"2\" \/><\/figure><\/div><div class=\"swiper-slide\" role=\"group\" aria-roledescription=\"slide\" aria-label=\"4 de 4\"><figure class=\"swiper-slide-inner\"><img decoding=\"async\" class=\"swiper-slide-image\" src=\"https:\/\/bpsports.com.br\/wp-content\/uploads\/2025\/03\/1.jpg\" alt=\"1\" \/><\/figure><\/div>\t\t\t<\/div>\n\t\t\t\t\t\t\t\t\t\t\t\t<div class=\"elementor-swiper-button elementor-swiper-button-prev\" role=\"button\" tabindex=\"0\">\n\t\t\t\t\t\t<svg aria-hidden=\"true\" class=\"e-font-icon-svg e-eicon-chevron-left\" viewBox=\"0 0 1000 1000\" xmlns=\"http:\/\/www.w3.org\/2000\/svg\"><path d=\"M646 125C629 125 613 133 604 142L308 442C296 454 292 471 292 487 292 504 296 521 308 533L604 854C617 867 629 875 646 875 663 875 679 871 692 858 704 846 713 829 713 812 713 796 708 779 692 767L438 487 692 225C700 217 708 204 708 187 708 171 704 154 692 142 675 129 663 125 646 125Z\"><\/path><\/svg>\t\t\t\t\t<\/div>\n\t\t\t\t\t<div class=\"elementor-swiper-button elementor-swiper-button-next\" role=\"button\" tabindex=\"0\">\n\t\t\t\t\t\t<svg aria-hidden=\"true\" class=\"e-font-icon-svg e-eicon-chevron-right\" viewBox=\"0 0 1000 1000\" xmlns=\"http:\/\/www.w3.org\/2000\/svg\"><path d=\"M696 533C708 521 713 504 713 487 713 471 708 454 696 446L400 146C388 133 375 125 354 125 338 125 325 129 313 142 300 154 292 171 292 187 292 204 296 221 308 233L563 492 304 771C292 783 288 800 288 817 288 833 296 850 308 863 321 871 338 875 354 875 371 875 388 867 400 854L696 533Z\"><\/path><\/svg>\t\t\t\t\t<\/div>\n\t\t\t\t\n\t\t\t\t\t\t\t\t\t<div class=\"swiper-pagination\"><\/div>\n\t\t\t\t\t\t\t\t\t<\/div>\n\t\t\t\t\t\t<\/div>\n\t\t\t\t<\/div>\n\t\t\t\t<\/div>\n\t\t<div class=\"elementor-element elementor-element-61995eb e-con-full e-flex wpr-particle-no wpr-jarallax-no wpr-parallax-no wpr-sticky-section-no e-con e-child\" data-id=\"61995eb\" data-element_type=\"container\">\n\t\t\t\t<div class=\"elementor-element elementor-element-d078d45 elementor-widget elementor-widget-heading\" data-id=\"d078d45\" data-element_type=\"widget\" data-widget_type=\"heading.default\">\n\t\t\t\t<div class=\"elementor-widget-container\">\n\t\t\t\t\t<h2 class=\"elementor-heading-title elementor-size-default\">IMPERMEABILIZA\u00c7\u00c3O<\/h2>\t\t\t\t<\/div>\n\t\t\t\t<\/div>\n\t\t\t\t<div class=\"elementor-element elementor-element-c3278ad elementor-widget elementor-widget-heading\" data-id=\"c3278ad\" data-element_type=\"widget\" data-widget_type=\"heading.default\">\n\t\t\t\t<div class=\"elementor-widget-container\">\n\t\t\t\t\t<h2 class=\"elementor-heading-title elementor-size-default\">A impermeabiliza\u00e7\u00e3o de tatame com geomembrana PVC 0,9mm \u00e9 a solu\u00e7\u00e3o ideal para proteger superf\u00edcies de tatames e outros pisos contra danos causados por umidade e l\u00edquidos. A geomembrana de PVC de 0,9mm oferece uma camada altamente resistente e dur\u00e1vel, garantindo m\u00e1xima prote\u00e7\u00e3o contra infiltra\u00e7\u00f5es, al\u00e9m de manter o ambiente de treino limpo e seguro. Com a impermeabiliza\u00e7\u00e3o, voc\u00ea prolonga a vida \u00fatil do tatame, prevenindo danos e proporcionando uma superf\u00edcie mais higi\u00eanica e f\u00e1cil de manter.<\/h2>\t\t\t\t<\/div>\n\t\t\t\t<\/div>\n\t\t\t\t<div class=\"elementor-element elementor-element-5ce6c51 elementor-widget elementor-widget-heading\" data-id=\"5ce6c51\" data-element_type=\"widget\" data-widget_type=\"heading.default\">\n\t\t\t\t<div class=\"elementor-widget-container\">\n\t\t\t\t\t<h2 class=\"elementor-heading-title elementor-size-default\">1. \u00c9 altamente resistente \u00e0 press\u00e3o e impactos, garantindo durabilidade a longo prazo, mesmo em ambientes com alto tr\u00e1fego e intenso uso.<\/h2>\t\t\t\t<\/div>\n\t\t\t\t<\/div>\n\t\t\t\t<div class=\"elementor-element elementor-element-59e1b80 elementor-widget elementor-widget-heading\" data-id=\"59e1b80\" data-element_type=\"widget\" data-widget_type=\"heading.default\">\n\t\t\t\t<div class=\"elementor-widget-container\">\n\t\t\t\t\t<h2 class=\"elementor-heading-title elementor-size-default\">2. A principal fun\u00e7\u00e3o da impermeabiliza\u00e7\u00e3o \u00e9 impedir a penetra\u00e7\u00e3o de umidade, evitando o desgaste precoce do tatame e a forma\u00e7\u00e3o de mofo ou fungos. Isso contribui para a manuten\u00e7\u00e3o da higiene e da seguran\u00e7a no ambiente de treino.<\/h2>\t\t\t\t<\/div>\n\t\t\t\t<\/div>\n\t\t\t\t<div class=\"elementor-element elementor-element-f61f7a0 elementor-widget elementor-widget-heading\" data-id=\"f61f7a0\" data-element_type=\"widget\" data-widget_type=\"heading.default\">\n\t\t\t\t<div class=\"elementor-widget-container\">\n\t\t\t\t\t<h2 class=\"elementor-heading-title elementor-size-default\">3. A impermeabiliza\u00e7\u00e3o pode ser aplicada em diversos tipos de tatames, como os de EVA, borracha ou outros materiais, proporcionando flexibilidade de uso em diferentes ambientes de treino.<\/h2>\t\t\t\t<\/div>\n\t\t\t\t<\/div>\n\t\t\t\t<div class=\"elementor-element elementor-element-896431a elementor-widget elementor-widget-heading\" data-id=\"896431a\" data-element_type=\"widget\" data-widget_type=\"heading.default\">\n\t\t\t\t<div class=\"elementor-widget-container\">\n\t\t\t\t\t<h2 class=\"elementor-heading-title elementor-size-default\">6. A geomembrana de PVC \u00e9 f\u00e1cil de manusear e instalar, proporcionando uma solu\u00e7\u00e3o pr\u00e1tica e eficaz para quem deseja proteger seus tatames sem complica\u00e7\u00e3o.<\/h2>\t\t\t\t<\/div>\n\t\t\t\t<\/div>\n\t\t\t\t<div class=\"elementor-element elementor-element-3949bd5 elementor-widget elementor-widget-heading\" data-id=\"3949bd5\" data-element_type=\"widget\" data-widget_type=\"heading.default\">\n\t\t\t\t<div class=\"elementor-widget-container\">\n\t\t\t\t\t<h2 class=\"elementor-heading-title elementor-size-default\">N\u00f3s oferecemos a impermeabiliza\u00e7\u00e3o de tatames com geomembrana PVC 0,9mm por metro quadrado (m\u00b2), o que proporciona uma solu\u00e7\u00e3o personalizada e econ\u00f4mica de acordo com a necessidade de cada cliente. Ao vender por m\u00b2, voc\u00ea tem flexibilidade para adquirir a quantidade exata necess\u00e1ria para sua \u00e1rea de treino, sem desperd\u00edcios.<\/h2>\t\t\t\t<\/div>\n\t\t\t\t<\/div>\n\t\t\t\t<div class=\"elementor-element elementor-element-1924001 elementor-widget elementor-widget-heading\" data-id=\"1924001\" data-element_type=\"widget\" data-widget_type=\"heading.default\">\n\t\t\t\t<div class=\"elementor-widget-container\">\n\t\t\t\t\t<h2 class=\"elementor-heading-title elementor-size-default\">Com a impermeabiliza\u00e7\u00e3o de tatame em geomembrana PVC 0,9mm, voc\u00ea garante maior durabilidade, higiene e seguran\u00e7a para o seu espa\u00e7o de treinamento, proporcionando um ambiente mais eficiente e agrad\u00e1vel para os praticantes.<\/h2>\t\t\t\t<\/div>\n\t\t\t\t<\/div>\n\t\t\t\t<\/div>\n\t\t\t\t\t<\/div>\n\t\t\t\t<\/div>\n\t\t<div class=\"elementor-element elementor-element-f4242dc e-flex e-con-boxed wpr-particle-no wpr-jarallax-no wpr-parallax-no wpr-sticky-section-no e-con e-parent\" data-id=\"f4242dc\" data-element_type=\"container\">\n\t\t\t\t\t<div class=\"e-con-inner\">\n\t\t\t\t<div class=\"elementor-element elementor-element-2655537 elementor-widget elementor-widget-heading\" data-id=\"2655537\" data-element_type=\"widget\" data-widget_type=\"heading.default\">\n\t\t\t\t<div class=\"elementor-widget-container\">\n\t\t\t\t\t<h2 class=\"elementor-heading-title elementor-size-default\">Geomembrana PVC 0,9mm <\/h2>\t\t\t\t<\/div>\n\t\t\t\t<\/div>\n\t\t\t\t<div class=\"elementor-element elementor-element-9ca22db elementor-widget elementor-widget-button\" data-id=\"9ca22db\" data-element_type=\"widget\" data-widget_type=\"button.default\">\n\t\t\t\t<div class=\"elementor-widget-container\">\n\t\t\t\t\t\t\t\t\t<div class=\"elementor-button-wrapper\">\n\t\t\t\t\t<a class=\"elementor-button elementor-button-link elementor-size-sm\" href=\"https:\/\/wa.me\/message\/MENFN54UVVLLD1\" target=\"_blank\" rel=\"noopener\">\n\t\t\t\t\t\t<span class=\"elementor-button-content-wrapper\">\n\t\t\t\t\t\t<span class=\"elementor-button-icon\">\n\t\t\t\t<svg aria-hidden=\"true\" class=\"e-font-icon-svg e-fab-whatsapp\" viewBox=\"0 0 448 512\" xmlns=\"http:\/\/www.w3.org\/2000\/svg\"><path d=\"M380.9 97.1C339 55.1 283.2 32 223.9 32c-122.4 0-222 99.6-222 222 0 39.1 10.2 77.3 29.6 111L0 480l117.7-30.9c32.4 17.7 68.9 27 106.1 27h.1c122.3 0 224.1-99.6 224.1-222 0-59.3-25.2-115-67.1-157zm-157 341.6c-33.2 0-65.7-8.9-94-25.7l-6.7-4-69.8 18.3L72 359.2l-4.4-7c-18.5-29.4-28.2-63.3-28.2-98.2 0-101.7 82.8-184.5 184.6-184.5 49.3 0 95.6 19.2 130.4 54.1 34.8 34.9 56.2 81.2 56.1 130.5 0 101.8-84.9 184.6-186.6 184.6zm101.2-138.2c-5.5-2.8-32.8-16.2-37.9-18-5.1-1.9-8.8-2.8-12.5 2.8-3.7 5.6-14.3 18-17.6 21.8-3.2 3.7-6.5 4.2-12 1.4-32.6-16.3-54-29.1-75.5-66-5.7-9.8 5.7-9.1 16.3-30.3 1.8-3.7.9-6.9-.5-9.7-1.4-2.8-12.5-30.1-17.1-41.2-4.5-10.8-9.1-9.3-12.5-9.5-3.2-.2-6.9-.2-10.6-.2-3.7 0-9.7 1.4-14.8 6.9-5.1 5.6-19.4 19-19.4 46.3 0 27.3 19.9 53.7 22.6 57.4 2.8 3.7 39.1 59.7 94.8 83.8 35.2 15.2 49 16.5 66.6 13.9 10.7-1.6 32.8-13.4 37.4-26.4 4.6-13 4.6-24.1 3.2-26.4-1.3-2.5-5-3.9-10.5-6.6z\"><\/path><\/svg>\t\t\t<\/span>\n\t\t\t\t\t\t\t\t\t<span class=\"elementor-button-text\">Entre em Contato<\/span>\n\t\t\t\t\t<\/span>\n\t\t\t\t\t<\/a>\n\t\t\t\t<\/div>\n\t\t\t\t\t\t\t\t<\/div>\n\t\t\t\t<\/div>\n\t\t\t\t\t<\/div>\n\t\t\t\t<\/div>\n\t\t<div class=\"elementor-element elementor-element-e471a76 e-flex e-con-boxed wpr-particle-no wpr-jarallax-no wpr-parallax-no wpr-sticky-section-no e-con e-parent\" data-id=\"e471a76\" data-element_type=\"container\">\n\t\t\t\t\t<div class=\"e-con-inner\">\n\t\t\t\t<div class=\"elementor-element elementor-element-7b145e3 elementor-widget elementor-widget-heading\" data-id=\"7b145e3\" data-element_type=\"widget\" data-widget_type=\"heading.default\">\n\t\t\t\t<div class=\"elementor-widget-container\">\n\t\t\t\t\t<h2 class=\"elementor-heading-title elementor-size-default\">R$70,00m\u00b2<\/h2>\t\t\t\t<\/div>\n\t\t\t\t<\/div>\n\t\t\t\t\t<\/div>\n\t\t\t\t<\/div>\n\t\t\t\t<\/div>\n\t\t","protected":false},"excerpt":{"rendered":"<p>Impermeabiliza\u00e7\u00e3o de Tatame IMPERMEABILIZA\u00c7\u00c3O A impermeabiliza\u00e7\u00e3o de tatame com geomembrana PVC 0,9mm \u00e9 a solu\u00e7\u00e3o ideal para proteger superf\u00edcies de tatames e outros pisos contra danos causados por umidade e l\u00edquidos. A geomembrana de PVC de 0,9mm oferece uma camada altamente resistente e dur\u00e1vel, garantindo m\u00e1xima prote\u00e7\u00e3o contra infiltra\u00e7\u00f5es, al\u00e9m de manter o ambiente de treino limpo e seguro. Com a impermeabiliza\u00e7\u00e3o, voc\u00ea prolonga a vida \u00fatil do tatame, prevenindo danos e proporcionando uma superf\u00edcie mais higi\u00eanica e f\u00e1cil de manter. 1. \u00c9 altamente resistente \u00e0 press\u00e3o e impactos, garantindo durabilidade a longo prazo, mesmo em ambientes com alto tr\u00e1fego e intenso uso. 2. A principal fun\u00e7\u00e3o da impermeabiliza\u00e7\u00e3o \u00e9 impedir a penetra\u00e7\u00e3o de umidade, evitando o desgaste precoce do tatame e a forma\u00e7\u00e3o de mofo ou fungos. Isso contribui para a manuten\u00e7\u00e3o da higiene e da seguran\u00e7a no ambiente de treino. 3. A impermeabiliza\u00e7\u00e3o pode ser aplicada em diversos tipos de tatames, como os de EVA, borracha ou outros materiais, proporcionando flexibilidade de uso em diferentes ambientes de treino. 6. A geomembrana de PVC \u00e9 f\u00e1cil de manusear e instalar, proporcionando uma solu\u00e7\u00e3o pr\u00e1tica e eficaz para quem deseja proteger seus tatames sem complica\u00e7\u00e3o. N\u00f3s oferecemos a impermeabiliza\u00e7\u00e3o de tatames com geomembrana PVC 0,9mm por metro quadrado (m\u00b2), o que proporciona uma solu\u00e7\u00e3o personalizada e econ\u00f4mica de acordo com a necessidade de cada cliente. Ao vender por m\u00b2, voc\u00ea tem flexibilidade para adquirir a quantidade exata necess\u00e1ria para sua \u00e1rea de treino, sem desperd\u00edcios. Com a impermeabiliza\u00e7\u00e3o de tatame em geomembrana PVC 0,9mm, voc\u00ea garante maior durabilidade, higiene e seguran\u00e7a para o seu espa\u00e7o de treinamento, proporcionando um ambiente mais eficiente e agrad\u00e1vel para os praticantes. Geomembrana PVC 0,9mm Entre em Contato R$70,00m\u00b2<\/p>\n","protected":false},"author":1,"featured_media":0,"parent":0,"menu_order":0,"comment_status":"closed","ping_status":"closed","template":"","meta":{"footnotes":""},"class_list":["post-2884","page","type-page","status-publish","hentry"],"_links":{"self":[{"href":"https:\/\/bpsports.com.br\/index.php?rest_route=\/wp\/v2\/pages\/2884","targetHints":{"allow":["GET"]}}],"collection":[{"href":"https:\/\/bpsports.com.br\/index.php?rest_route=\/wp\/v2\/pages"}],"about":[{"href":"https:\/\/bpsports.com.br\/index.php?rest_route=\/wp\/v2\/types\/page"}],"author":[{"embeddable":true,"href":"https:\/\/bpsports.com.br\/index.php?rest_route=\/wp\/v2\/users\/1"}],"replies":[{"embeddable":true,"href":"https:\/\/bpsports.com.br\/index.php?rest_route=%2Fwp%2Fv2%2Fcomments&post=2884"}],"version-history":[{"count":55,"href":"https:\/\/bpsports.com.br\/index.php?rest_route=\/wp\/v2\/pages\/2884\/revisions"}],"predecessor-version":[{"id":3217,"href":"https:\/\/bpsports.com.br\/index.php?rest_route=\/wp\/v2\/pages\/2884\/revisions\/3217"}],"wp:attachment":[{"href":"https:\/\/bpsports.com.br\/index.php?rest_route=%2Fwp%2Fv2%2Fmedia&parent=2884"}],"curies":[{"name":"wp","href":"https:\/\/api.w.org\/{rel}","templated":true}]}}