{"id":2447,"date":"2025-02-28T12:37:53","date_gmt":"2025-02-28T12:37:53","guid":{"rendered":"https:\/\/bpsports.com.br\/?page_id=2447"},"modified":"2025-02-28T19:39:25","modified_gmt":"2025-02-28T19:39:25","slug":"sobre-nos","status":"publish","type":"page","link":"https:\/\/bpsports.com.br\/?page_id=2447","title":{"rendered":"Sobre N\u00f3s"},"content":{"rendered":"\t\t<div data-elementor-type=\"wp-page\" data-elementor-id=\"2447\" class=\"elementor elementor-2447\">\n\t\t\t\t<div class=\"elementor-element elementor-element-d30fc8a e-flex e-con-boxed wpr-particle-no wpr-jarallax-no wpr-parallax-no wpr-sticky-section-no e-con e-parent\" data-id=\"d30fc8a\" data-element_type=\"container\" data-settings=\"{&quot;background_background&quot;:&quot;classic&quot;}\">\n\t\t\t\t\t<div class=\"e-con-inner\">\n\t\t\t\t<div class=\"elementor-element elementor-element-b4cd0fe elementor-widget elementor-widget-heading\" data-id=\"b4cd0fe\" data-element_type=\"widget\" data-widget_type=\"heading.default\">\n\t\t\t\t<div class=\"elementor-widget-container\">\n\t\t\t\t\t<h2 class=\"elementor-heading-title elementor-size-default\">Sobre N\u00f3s<\/h2>\t\t\t\t<\/div>\n\t\t\t\t<\/div>\n\t\t\t\t\t<\/div>\n\t\t\t\t<\/div>\n\t\t<div class=\"elementor-element elementor-element-5c26322 e-flex e-con-boxed wpr-particle-no wpr-jarallax-no wpr-parallax-no wpr-sticky-section-no e-con e-parent\" data-id=\"5c26322\" data-element_type=\"container\">\n\t\t\t\t\t<div class=\"e-con-inner\">\n\t\t<div class=\"elementor-element elementor-element-9bdbc2e e-con-full e-flex wpr-particle-no wpr-jarallax-no wpr-parallax-no wpr-sticky-section-no e-con e-child\" data-id=\"9bdbc2e\" data-element_type=\"container\">\n\t\t\t\t<div class=\"elementor-element elementor-element-c6a24e0 elementor-invisible elementor-widget elementor-widget-heading\" data-id=\"c6a24e0\" data-element_type=\"widget\" data-settings=\"{&quot;_animation&quot;:&quot;fadeIn&quot;}\" data-widget_type=\"heading.default\">\n\t\t\t\t<div class=\"elementor-widget-container\">\n\t\t\t\t\t<h2 class=\"elementor-heading-title elementor-size-default\">Conhe\u00e7a a BP Sports<\/h2>\t\t\t\t<\/div>\n\t\t\t\t<\/div>\n\t\t\t\t<div class=\"elementor-element elementor-element-9e3ed58 elementor-invisible elementor-widget elementor-widget-text-editor\" data-id=\"9e3ed58\" data-element_type=\"widget\" data-settings=\"{&quot;_animation&quot;:&quot;fadeIn&quot;}\" data-widget_type=\"text-editor.default\">\n\t\t\t\t<div class=\"elementor-widget-container\">\n\t\t\t\t\t\t\t\t\t<p>Nossa f\u00e1brica de equipamentos esportivos nasce com a miss\u00e3o de oferecer produtos de alta qualidade e desempenho para atletas e academias. Especializados na produ\u00e7\u00e3o de sacos de pancada, colchonetes e impermeabiliza\u00e7\u00e3o de tatames.\u00a0<\/p><p>Trabalhamos com os melhores materiais do mercado para garantir resist\u00eancia, durabilidade e conforto. Cada item \u00e9 desenvolvido para suportar os treinos mais intensos, com a confian\u00e7a de que nossos produtos v\u00e3o entregar o melhor desempenho em cada golpe ou movimento. Estamos prontos para transformar sua experi\u00eancia esportiva com equipamentos e excel\u00eancia, direto da f\u00e1brica para voc\u00ea!<\/p><p><strong>Nossos Valores:<\/strong><\/p><p><strong>Excel\u00eancia:<\/strong> buscando sempre os melhores materiais e a mais alta performance em cada produto.<\/p><p><strong>Personaliza\u00e7\u00e3o:<\/strong> \u00e9 a nossa maneira de atender \u00e0s necessidades individuais de cada cliente, criando solu\u00e7\u00f5es sob medida para diferentes treinos e espa\u00e7os.<\/p><p><strong>Inova\u00e7\u00e3o:<\/strong> est\u00e1 no nosso DNA, sempre em busca de novas tecnologias e melhorias para oferecer equipamentos cada vez mais eficientes e avan\u00e7ados.<\/p><p><strong>Sustentabilidade:<\/strong> acreditamos que um futuro melhor come\u00e7a com escolhas respons\u00e1veis, utilizando pr\u00e1ticas e materiais que respeitam o meio ambiente.<\/p>\t\t\t\t\t\t\t\t<\/div>\n\t\t\t\t<\/div>\n\t\t\t\t<\/div>\n\t\t<div class=\"elementor-element elementor-element-3393bcd e-con-full e-flex wpr-particle-no wpr-jarallax-no wpr-parallax-no wpr-sticky-section-no e-con e-child\" data-id=\"3393bcd\" data-element_type=\"container\">\n\t\t\t\t<div class=\"elementor-element elementor-element-95dad67 elementor-widget elementor-widget-image\" data-id=\"95dad67\" data-element_type=\"widget\" data-widget_type=\"image.default\">\n\t\t\t\t<div class=\"elementor-widget-container\">\n\t\t\t\t\t\t\t\t\t\t\t\t\t\t\t<img fetchpriority=\"high\" decoding=\"async\" width=\"800\" height=\"534\" src=\"https:\/\/bpsports.com.br\/wp-content\/uploads\/2025\/02\/Design-sem-nome-2-1024x683.gif\" class=\"attachment-large size-large wp-image-2815\" alt=\"\" srcset=\"https:\/\/bpsports.com.br\/wp-content\/uploads\/2025\/02\/Design-sem-nome-2-1024x683.gif 1024w, https:\/\/bpsports.com.br\/wp-content\/uploads\/2025\/02\/Design-sem-nome-2-300x200.gif 300w, https:\/\/bpsports.com.br\/wp-content\/uploads\/2025\/02\/Design-sem-nome-2-768x512.gif 768w\" sizes=\"(max-width: 800px) 100vw, 800px\" \/>\t\t\t\t\t\t\t\t\t\t\t\t\t\t\t<\/div>\n\t\t\t\t<\/div>\n\t\t\t\t<\/div>\n\t\t\t\t\t<\/div>\n\t\t\t\t<\/div>\n\t\t<div class=\"elementor-element elementor-element-4bc4bbb e-flex e-con-boxed wpr-particle-no wpr-jarallax-no wpr-parallax-no wpr-sticky-section-no e-con e-parent\" data-id=\"4bc4bbb\" data-element_type=\"container\">\n\t\t\t\t\t<div class=\"e-con-inner\">\n\t\t\t\t<div class=\"elementor-element elementor-element-8d12d88 elementor-invisible elementor-widget elementor-widget-button\" data-id=\"8d12d88\" data-element_type=\"widget\" data-settings=\"{&quot;_animation&quot;:&quot;zoomIn&quot;}\" data-widget_type=\"button.default\">\n\t\t\t\t<div class=\"elementor-widget-container\">\n\t\t\t\t\t\t\t\t\t<div class=\"elementor-button-wrapper\">\n\t\t\t\t\t<a class=\"elementor-button elementor-button-link elementor-size-sm elementor-animation-shrink\" href=\"https:\/\/wa.me\/message\/MENFN54UVVLLD1\" target=\"_blank\" rel=\"noopener\">\n\t\t\t\t\t\t<span class=\"elementor-button-content-wrapper\">\n\t\t\t\t\t\t<span class=\"elementor-button-icon\">\n\t\t\t\t<svg aria-hidden=\"true\" class=\"e-font-icon-svg e-far-arrow-alt-circle-right\" viewBox=\"0 0 512 512\" xmlns=\"http:\/\/www.w3.org\/2000\/svg\"><path d=\"M504 256C504 119 393 8 256 8S8 119 8 256s111 248 248 248 248-111 248-248zm-448 0c0-110.5 89.5-200 200-200s200 89.5 200 200-89.5 200-200 200S56 366.5 56 256zm72 20v-40c0-6.6 5.4-12 12-12h116v-67c0-10.7 12.9-16 20.5-8.5l99 99c4.7 4.7 4.7 12.3 0 17l-99 99c-7.6 7.6-20.5 2.2-20.5-8.5v-67H140c-6.6 0-12-5.4-12-12z\"><\/path><\/svg>\t\t\t<\/span>\n\t\t\t\t\t\t\t\t\t<span class=\"elementor-button-text\">Confira Todos os Nossos Produtos<\/span>\n\t\t\t\t\t<\/span>\n\t\t\t\t\t<\/a>\n\t\t\t\t<\/div>\n\t\t\t\t\t\t\t\t<\/div>\n\t\t\t\t<\/div>\n\t\t\t\t\t<\/div>\n\t\t\t\t<\/div>\n\t\t<div class=\"elementor-element elementor-element-aa3e3de e-grid e-con-boxed wpr-particle-no wpr-jarallax-no wpr-parallax-no wpr-sticky-section-no elementor-invisible e-con e-parent\" data-id=\"aa3e3de\" data-element_type=\"container\" data-settings=\"{&quot;animation&quot;:&quot;fadeInUp&quot;}\">\n\t\t\t\t\t<div class=\"e-con-inner\">\n\t\t\t\t<div class=\"elementor-element elementor-element-9e21897 elementor-widget elementor-widget-counter\" data-id=\"9e21897\" data-element_type=\"widget\" data-widget_type=\"counter.default\">\n\t\t\t\t<div class=\"elementor-widget-container\">\n\t\t\t\t\t\t\t<div class=\"elementor-counter\">\n\t\t\t<div class=\"elementor-counter-title\">Clientes Satisfeitos<\/div>\t\t\t<div class=\"elementor-counter-number-wrapper\">\n\t\t\t\t<span class=\"elementor-counter-number-prefix\">+<\/span>\n\t\t\t\t<span class=\"elementor-counter-number\" data-duration=\"2000\" data-to-value=\"159\" data-from-value=\"0\" data-delimiter=\",\">0<\/span>\n\t\t\t\t<span class=\"elementor-counter-number-suffix\"><\/span>\n\t\t\t<\/div>\n\t\t<\/div>\n\t\t\t\t\t\t<\/div>\n\t\t\t\t<\/div>\n\t\t\t\t<div class=\"elementor-element elementor-element-f5d24b6 elementor-widget elementor-widget-counter\" data-id=\"f5d24b6\" data-element_type=\"widget\" data-widget_type=\"counter.default\">\n\t\t\t\t<div class=\"elementor-widget-container\">\n\t\t\t\t\t\t\t<div class=\"elementor-counter\">\n\t\t\t<div class=\"elementor-counter-title\">Equipamentos Vendidos<\/div>\t\t\t<div class=\"elementor-counter-number-wrapper\">\n\t\t\t\t<span class=\"elementor-counter-number-prefix\">+<\/span>\n\t\t\t\t<span class=\"elementor-counter-number\" data-duration=\"2000\" data-to-value=\"200\" data-from-value=\"0\" data-delimiter=\",\">0<\/span>\n\t\t\t\t<span class=\"elementor-counter-number-suffix\"><\/span>\n\t\t\t<\/div>\n\t\t<\/div>\n\t\t\t\t\t\t<\/div>\n\t\t\t\t<\/div>\n\t\t\t\t\t<\/div>\n\t\t\t\t<\/div>\n\t\t\t\t<\/div>\n\t\t","protected":false},"excerpt":{"rendered":"<p>Sobre N\u00f3s Conhe\u00e7a a BP Sports Nossa f\u00e1brica de equipamentos esportivos nasce com a miss\u00e3o de oferecer produtos de alta qualidade e desempenho para atletas e academias. Especializados na produ\u00e7\u00e3o de sacos de pancada, colchonetes e impermeabiliza\u00e7\u00e3o de tatames.\u00a0 Trabalhamos com os melhores materiais do mercado para garantir resist\u00eancia, durabilidade e conforto. Cada item \u00e9 desenvolvido para suportar os treinos mais intensos, com a confian\u00e7a de que nossos produtos v\u00e3o entregar o melhor desempenho em cada golpe ou movimento. Estamos prontos para transformar sua experi\u00eancia esportiva com equipamentos e excel\u00eancia, direto da f\u00e1brica para voc\u00ea! Nossos Valores: Excel\u00eancia: buscando sempre os melhores materiais e a mais alta performance em cada produto. Personaliza\u00e7\u00e3o: \u00e9 a nossa maneira de atender \u00e0s necessidades individuais de cada cliente, criando solu\u00e7\u00f5es sob medida para diferentes treinos e espa\u00e7os. Inova\u00e7\u00e3o: est\u00e1 no nosso DNA, sempre em busca de novas tecnologias e melhorias para oferecer equipamentos cada vez mais eficientes e avan\u00e7ados. Sustentabilidade: acreditamos que um futuro melhor come\u00e7a com escolhas respons\u00e1veis, utilizando pr\u00e1ticas e materiais que respeitam o meio ambiente. Confira Todos os Nossos Produtos Clientes Satisfeitos + 0 Equipamentos Vendidos + 0<\/p>\n","protected":false},"author":1,"featured_media":0,"parent":0,"menu_order":0,"comment_status":"closed","ping_status":"closed","template":"elementor_header_footer","meta":{"footnotes":""},"class_list":["post-2447","page","type-page","status-publish","hentry"],"_links":{"self":[{"href":"https:\/\/bpsports.com.br\/index.php?rest_route=\/wp\/v2\/pages\/2447","targetHints":{"allow":["GET"]}}],"collection":[{"href":"https:\/\/bpsports.com.br\/index.php?rest_route=\/wp\/v2\/pages"}],"about":[{"href":"https:\/\/bpsports.com.br\/index.php?rest_route=\/wp\/v2\/types\/page"}],"author":[{"embeddable":true,"href":"https:\/\/bpsports.com.br\/index.php?rest_route=\/wp\/v2\/users\/1"}],"replies":[{"embeddable":true,"href":"https:\/\/bpsports.com.br\/index.php?rest_route=%2Fwp%2Fv2%2Fcomments&post=2447"}],"version-history":[{"count":25,"href":"https:\/\/bpsports.com.br\/index.php?rest_route=\/wp\/v2\/pages\/2447\/revisions"}],"predecessor-version":[{"id":2821,"href":"https:\/\/bpsports.com.br\/index.php?rest_route=\/wp\/v2\/pages\/2447\/revisions\/2821"}],"wp:attachment":[{"href":"https:\/\/bpsports.com.br\/index.php?rest_route=%2Fwp%2Fv2%2Fmedia&parent=2447"}],"curies":[{"name":"wp","href":"https:\/\/api.w.org\/{rel}","templated":true}]}}